{"id":44,"date":"2021-01-28T03:48:26","date_gmt":"2021-01-28T03:48:26","guid":{"rendered":"http:\/\/www.isthmusflag.com\/?page_id=44"},"modified":"2021-02-12T00:39:55","modified_gmt":"2021-02-12T00:39:55","slug":"nosotros","status":"publish","type":"page","link":"http:\/\/www.isthmusflag.com\/index.php\/nosotros\/","title":{"rendered":"NOSOTROS"},"content":{"rendered":"\n<p>Somos una empresa de servicios mar\u00edtimos a nivel global dedicada a la coordinaci\u00f3n de inspecci\u00f3n Anual de Seguridad Mar\u00edtima en las naves de marina mercante, lo que garantiza que nuestros buques servidos cumplan con los est\u00e1ndares satisfactorios a bordo dictados y exigidos por los pa\u00edses de bandera y la Organizaci\u00f3n Mar\u00edtima Internacional (OMI).<\/p>\n\n\n\n<p>Nuestra oficina central tiene sede en la ciudad de Panam\u00e1 y fue fundada en el a\u00f1o 2020 por un grupo de ingenieros mar\u00edtimos, abogados expertos en temas navieros, y asesores t\u00e9cnicos en el \u00e1rea de marina mercante, con lo que ofrecemos garant\u00eda de nuestros tr\u00e1mites y servicios a la flota de barcos internacionales de forma expedita.<\/p>\n","protected":false},"excerpt":{"rendered":"<p>Somos una empresa de servicios mar\u00edtimos a nivel global dedicada a la coordinaci\u00f3n de inspecci\u00f3n Anual de Seguridad Mar\u00edtima en las naves de marina mercante, lo que garantiza que nuestros buques servidos cumplan con los est\u00e1ndares satisfactorios a bordo dictados y exigidos por los pa\u00edses de bandera y la Organizaci\u00f3n [&hellip;]<\/p>\n","protected":false},"author":1,"featured_media":63,"parent":0,"menu_order":0,"comment_status":"closed","ping_status":"closed","template":"","meta":[],"_links":{"self":[{"href":"http:\/\/www.isthmusflag.com\/index.php\/wp-json\/wp\/v2\/pages\/44"}],"collection":[{"href":"http:\/\/www.isthmusflag.com\/index.php\/wp-json\/wp\/v2\/pages"}],"about":[{"href":"http:\/\/www.isthmusflag.com\/index.php\/wp-json\/wp\/v2\/types\/page"}],"author":[{"embeddable":true,"href":"http:\/\/www.isthmusflag.com\/index.php\/wp-json\/wp\/v2\/users\/1"}],"replies":[{"embeddable":true,"href":"http:\/\/www.isthmusflag.com\/index.php\/wp-json\/wp\/v2\/comments?post=44"}],"version-history":[{"count":3,"href":"http:\/\/www.isthmusflag.com\/index.php\/wp-json\/wp\/v2\/pages\/44\/revisions"}],"predecessor-version":[{"id":193,"href":"http:\/\/www.isthmusflag.com\/index.php\/wp-json\/wp\/v2\/pages\/44\/revisions\/193"}],"wp:featuredmedia":[{"embeddable":true,"href":"http:\/\/www.isthmusflag.com\/index.php\/wp-json\/wp\/v2\/media\/63"}],"wp:attachment":[{"href":"http:\/\/www.isthmusflag.com\/index.php\/wp-json\/wp\/v2\/media?parent=44"}],"curies":[{"name":"wp","href":"https:\/\/api.w.org\/{rel}","templated":true}]}}