{"id":48,"date":"2021-01-28T04:28:47","date_gmt":"2021-01-28T04:28:47","guid":{"rendered":"http:\/\/www.isthmusflag.com\/?page_id=48"},"modified":"2021-02-12T05:12:44","modified_gmt":"2021-02-12T05:12:44","slug":"servicios","status":"publish","type":"page","link":"http:\/\/www.isthmusflag.com\/index.php\/servicios\/","title":{"rendered":"SERVICIOS"},"content":{"rendered":"\n<p><strong><em>Servicio garantizado de inspecciones<\/em><\/strong><\/p>\n\n\n\n<p>Nos dedicamos exclusivamente a ofrecer un servicio garantizado de Inspecciones Anuales de Seguridad para Barcos de la Marina Mercante. Las empresas autorizadas por la Administraci\u00f3n para realizar dicha inspecci\u00f3n se encuentran en la Circular de Marina Mercante No. 374, que en la misma se encuentra citada nuestra compa\u00f1\u00eda. Asimismo, los medios oficiales de coordinaci\u00f3n y autorizaci\u00f3n para las inspecciones anuales de seguridad o inspecciones especiales son \u00fanicamente a trav\u00e9s de la direcci\u00f3n de correo electr\u00f3nico: <a href=\"mailto:asi@amp.gob.pa\">asi@amp.gob.pa<\/a><\/p>\n\n\n\n<p><strong><em>Inspectores capacitados y autorizados<\/em><\/strong><\/p>\n\n\n\n<p>Contamos con inspectores capacitados y autorizados, estrat\u00e9gicamente ubicados en puertos claves a nivel mundial para brindar las Inspecciones del Estado de bandera de manera efectiva y eficiente. Siendo Panam\u00e1 la sede de nuestras oficinas, un pa\u00eds clave y estrat\u00e9gico en el comercio mar\u00edtimo internacional.<\/p>\n\n\n\n<p><strong><em>Expertos avalados por la AMP<\/em><\/strong><\/p>\n\n\n\n<p>Nuestros reconocidos y expertos inspectores est\u00e1n autorizados por la Autoridad Mar\u00edtima de Panam\u00e1 (AMP) para realizar la Inspecci\u00f3n Anual de Seguridad (ASI), obligatoria para las embarcaciones de marina mercante registradas en ambos registros.<\/p>\n","protected":false},"excerpt":{"rendered":"<p>Servicio garantizado de inspecciones Nos dedicamos exclusivamente a ofrecer un servicio garantizado de Inspecciones Anuales de Seguridad para Barcos de la Marina Mercante. Las empresas autorizadas por la Administraci\u00f3n para realizar dicha inspecci\u00f3n se encuentran en la Circular de Marina Mercante No. 374, que en la misma se encuentra citada [&hellip;]<\/p>\n","protected":false},"author":1,"featured_media":0,"parent":0,"menu_order":0,"comment_status":"closed","ping_status":"closed","template":"","meta":[],"_links":{"self":[{"href":"http:\/\/www.isthmusflag.com\/index.php\/wp-json\/wp\/v2\/pages\/48"}],"collection":[{"href":"http:\/\/www.isthmusflag.com\/index.php\/wp-json\/wp\/v2\/pages"}],"about":[{"href":"http:\/\/www.isthmusflag.com\/index.php\/wp-json\/wp\/v2\/types\/page"}],"author":[{"embeddable":true,"href":"http:\/\/www.isthmusflag.com\/index.php\/wp-json\/wp\/v2\/users\/1"}],"replies":[{"embeddable":true,"href":"http:\/\/www.isthmusflag.com\/index.php\/wp-json\/wp\/v2\/comments?post=48"}],"version-history":[{"count":7,"href":"http:\/\/www.isthmusflag.com\/index.php\/wp-json\/wp\/v2\/pages\/48\/revisions"}],"predecessor-version":[{"id":293,"href":"http:\/\/www.isthmusflag.com\/index.php\/wp-json\/wp\/v2\/pages\/48\/revisions\/293"}],"wp:attachment":[{"href":"http:\/\/www.isthmusflag.com\/index.php\/wp-json\/wp\/v2\/media?parent=48"}],"curies":[{"name":"wp","href":"https:\/\/api.w.org\/{rel}","templated":true}]}}